{"id":4961,"date":"2025-11-20T14:45:23","date_gmt":"2025-11-20T14:45:23","guid":{"rendered":"https:\/\/vegtech.ca\/achievements\/achievements-spinach-harvester\/"},"modified":"2026-01-28T14:53:28","modified_gmt":"2026-01-28T14:53:28","slug":"achievements-spinach-harvester","status":"publish","type":"page","link":"https:\/\/vegtech.ca\/en\/realisations\/achievements-spinach-harvester\/","title":{"rendered":"Realisations: Spinach Harvester"},"content":{"rendered":"<section class=\"section banner-default\" style=\"background-color: #f9f9fa;\">\n  <div class=\"wrap height-sm center-xs\">\n    <div class=\"section-content\">\n      <h1 class=\"realisations\">Realisations:<br>Spinach harvester at Lando and Sons Farm<\/h1>\n    <\/div>\n  <\/div>\n<\/section>\n\n<section class=\"main-section realisations\">\n  \n  <div class=\"outter-cnt one\">\n    <div class=\"inner-cnt intro-cols\">\n      <div>      \n        <video muted=\"\" controls=\"\" preload=\"\" loop=\"\" poster=\"https:\/\/vegtech.ca\/wp-content\/uploads\/2024\/11\/Recolteuse-Epinard-Demonstration-Video-optimized.mp4\">\n          <source src=\"https:\/\/vegtech.ca\/wp-content\/uploads\/2024\/11\/Recolteuse-Epinard-Demonstration-Video-optimized.mp4\" type=\"video\/mp4\">\n        <\/source><\/video>\n      <\/div>\n      <div>\n        <p>\n Customer Testimonial<br><br>\u201cThe Vegtech Spinach Harvester has enabled us to speed up our harvest while improving the quality of our products. A real asset for our farm!\u201d<br><br>Mauro Lando\n        <\/p>\n      <\/div>\n    <\/div>\n  <\/div>\n  \n  <div class=\"outter-cnt two\">\n    <p class=\"client-text\">\n      <b>Client :<\/b> Lando and Sons Farm, vegetable growers in Quebec\n<br><br><b> Year of completion :<\/b> 2020\n    <\/p>\n    <hr>\n    <div class=\"inner-cnt\">\n      <div class=\"lists-cnt\">\n        <h4>The Challenge<\/h4>\n        <ul>\n          <li>\n Manual harvesting of spinach is time-consuming and costly.\n          <\/li>\n          <li>\n Risk of damage to leaves during harvesting.\n          <\/li>\n          <li>\n Need a solution to improve productivity without compromising quality.\n          <\/li>\n        <\/ul>\n      <\/div>\n      <div class=\"lists-cnt\">\n        <h4>The Vegtech Solution<\/h4>\n        <ul>\n          <li>\n Mechanized harvesting, saving considerable time.\n          <\/li>\n          <li>\n Integrated blower system, ensuring clean spinach.\n          <\/li>\n          <li>\n Robust design suited to field conditions.\n          <\/li>\n        <\/ul>\n      <\/div>\n      <div class=\"lists-cnt\">\n        <h4>Concrete Results<\/h4>\n        <ul>\n          <li>\n 50% time savings during harvesting.\n          <\/li>\n          <li>\n Improved spinach quality thanks to gentler harvesting.\n          <\/li>\n          <li>\n          <!--\n            R\u00e9duction des co\u00fbts de main-d'\u0153uvre et augmentation du rendement.\n            -->\n More ergonomic working position\n          <\/li>\n        <\/ul>\n      <\/div>\n    <\/div>\n  <\/div>\n  \n  <hr>\n  <h3 style=\"padding: 20px 0\">Products used <\/h3>\n  <div class=\"outter-cnt three\">\n    <div class=\"woocommerce columns-5 realisations-products\"><div class=\"row gutter-md\"><div class=\"entry flex-entry col col-xs-12 col-sm-6 col-md-6 col-lg-12 has-image-none column product type-product post-4006 status-publish first instock product_cat-harvest has-post-thumbnail shipping-taxable product-type-simple\">\n\t<a href=\"https:\/\/vegtech.ca\/en\/product\/spinach-harvester\/\" class=\"woocommerce-LoopProduct-link woocommerce-loop-product__link\"><img loading=\"lazy\" decoding=\"async\" width=\"300\" height=\"169\" src=\"https:\/\/vegtech.ca\/wp-content\/uploads\/2024\/11\/recolteuse-epinard-product-img-2-300x169.jpg\" class=\"attachment-woocommerce_thumbnail size-woocommerce_thumbnail\" alt=\"An image showcasing a R\u00e9colteuse \u00e0 \u00c9pinard from the front with a tractor\" \/><div class=\"entry-content\" itemprop=\"text\"><h2 class=\"woocommerce-loop-product__title\">Spinach Harvester<\/h2><p class=\"text wc_category_loop\">Harvest<\/p>\n<\/a><a href=\"https:\/\/vegtech.ca\/en\/product\/spinach-harvester\/\" aria-describedby=\"woocommerce_loop_add_to_cart_link_describedby_4006\" data-quantity=\"1\" class=\"button product_type_simple\" data-product_id=\"4006\" data-product_sku=\"\" aria-label=\"Read more about &ldquo;Spinach Harvester&rdquo;\" rel=\"nofollow\" data-success_message=\"\">Read more<\/a>\t<span id=\"woocommerce_loop_add_to_cart_link_describedby_4006\" class=\"screen-reader-text\">\n\t\t\t<\/span>\n<\/div><\/div>\n<\/div><\/div>\n  <\/div>\n  \n<\/section>\n\n<section class=\"section\" style=\"background-color: #ffffff;\">\n  <div class=\"wrap height-md center-xs\">\n    <div class=\"section-content\">\n      <div class=\"wrapper-projects\">\n        <p class=\"text\">\n Do you need custom-made equipment to improve your productivity? Contact us and we&#8217;ll be happy to discuss your special project! \n        <\/p>\n        <div class=\"btn-green row\">\n          <a href=\"https:\/\/vegtech.ca\/en\/contact\/\">Contact Us<\/a>          \n        <\/div>\n      <\/div>\n    <\/div>\n  <\/div>\n<\/section>\n","protected":false},"excerpt":{"rendered":"<p>Realisations:Spinach harvester at Lando and Sons Farm Customer Testimonial\u201cThe Vegtech Spinach Harvester has enabled us to speed up our harvest while improving the quality of our products. A real asset for our farm!\u201dMauro Lando Client : Lando and Sons Farm, vegetable growers in Quebec Year of completion : 2020 The Challenge Manual harvesting of spinach &hellip;<\/p>\n","protected":false},"author":15,"featured_media":4030,"parent":4956,"menu_order":0,"comment_status":"closed","ping_status":"closed","template":"","meta":{"_acf_changed":false,"_genesis_hide_title":false,"_genesis_hide_breadcrumbs":false,"_genesis_hide_singular_image":false,"_genesis_hide_footer_widgets":false,"_genesis_custom_body_class":"","_genesis_custom_post_class":"","_genesis_layout":"","pgc_sgb_lightbox_settings":"","footnotes":""},"class_list":{"0":"post-4961","1":"page","2":"type-page","3":"status-publish","4":"has-post-thumbnail","6":"entry"},"acf":[],"_links":{"self":[{"href":"https:\/\/vegtech.ca\/en\/wp-json\/wp\/v2\/pages\/4961","targetHints":{"allow":["GET"]}}],"collection":[{"href":"https:\/\/vegtech.ca\/en\/wp-json\/wp\/v2\/pages"}],"about":[{"href":"https:\/\/vegtech.ca\/en\/wp-json\/wp\/v2\/types\/page"}],"author":[{"embeddable":true,"href":"https:\/\/vegtech.ca\/en\/wp-json\/wp\/v2\/users\/15"}],"replies":[{"embeddable":true,"href":"https:\/\/vegtech.ca\/en\/wp-json\/wp\/v2\/comments?post=4961"}],"version-history":[{"count":5,"href":"https:\/\/vegtech.ca\/en\/wp-json\/wp\/v2\/pages\/4961\/revisions"}],"predecessor-version":[{"id":5171,"href":"https:\/\/vegtech.ca\/en\/wp-json\/wp\/v2\/pages\/4961\/revisions\/5171"}],"up":[{"embeddable":true,"href":"https:\/\/vegtech.ca\/en\/wp-json\/wp\/v2\/pages\/4956"}],"wp:featuredmedia":[{"embeddable":true,"href":"https:\/\/vegtech.ca\/en\/wp-json\/wp\/v2\/media\/4030"}],"wp:attachment":[{"href":"https:\/\/vegtech.ca\/en\/wp-json\/wp\/v2\/media?parent=4961"}],"curies":[{"name":"wp","href":"https:\/\/api.w.org\/{rel}","templated":true}]}}